{"id":36,"date":"2014-05-13T21:39:25","date_gmt":"2014-05-13T18:39:25","guid":{"rendered":"http:\/\/www.dente.fi\/?page_id=36"},"modified":"2026-02-02T10:21:19","modified_gmt":"2026-02-02T08:21:19","slug":"palvelut","status":"publish","type":"page","link":"https:\/\/www.dente.fi\/?page_id=36","title":{"rendered":"Palvelut &#038; Hinnat"},"content":{"rendered":"<p>Suuhygienisti on Valviran laillistama terveydenhuollon ammattihenkil\u00f6. Suuhygienisti on suorittanut 3,5v kest\u00e4v\u00e4n Ammattikorkeakoulutuksen. Suuhygienistin ty\u00f6 on monipuolista suun terveytt\u00e4 edist\u00e4v\u00e4\u00e4 ja yll\u00e4pit\u00e4v\u00e4\u00e4, suusairauksia ennalta ehk\u00e4isev\u00e4\u00e4, hoitavaa tai kuntouttavaa ty\u00f6t\u00e4. Denten yritt\u00e4j\u00e4n\u00e4 ja suuhygienistina toimii Mari Airaksinen. Dente kuuluu kansalliseen terveysarkistoon eli Kanta-palveluihin ja k\u00e4yntisi kirjataan Omakanta-palveluun (lukuunottamatta esteettinen hoito). <strong>Maksutavat\u00a0vastaanotolla: korttimaksut ja epassi.<\/strong><\/p>\n<p><strong>Yhteisty\u00f6ss\u00e4:<\/strong><\/p>\n<p><a href=\"https:\/\/www.dente.fi\/wp-content\/uploads\/2014\/05\/xylitol.jpg\"><img decoding=\"async\" loading=\"lazy\" class=\"alignnone size-full wp-image-111\" src=\"https:\/\/www.dente.fi\/wp-content\/uploads\/2014\/05\/xylitol.jpg\" alt=\"xylitol\" width=\"80\" height=\"80\" \/><\/a>\u00a0 \u00a0 \u00a0 \u00a0\u00a0<a href=\"https:\/\/www.dente.fi\/wp-content\/uploads\/2014\/05\/Cloetta.jpg\"><img decoding=\"async\" loading=\"lazy\" class=\"alignnone size-full wp-image-109\" src=\"https:\/\/www.dente.fi\/wp-content\/uploads\/2014\/05\/Cloetta.jpg\" alt=\"Cloetta\" width=\"101\" height=\"25\" \/><\/a>\u00a0 \u00a0 \u00a0 \u00a0\u00a0 <a href=\"https:\/\/www.dente.fi\/wp-content\/uploads\/2014\/05\/hammasvaline.jpg\"><img decoding=\"async\" loading=\"lazy\" class=\"alignnone size-medium wp-image-110\" src=\"https:\/\/www.dente.fi\/wp-content\/uploads\/2014\/05\/hammasvaline.jpg\" alt=\"hammasvaline\" width=\"174\" height=\"20\" \/><\/a><a title=\"Hampaille.fi verkkokauppa\" href=\"https:\/\/www.hampaille.fi\" target=\"_blank\" rel=\"noopener\"><img decoding=\"async\" loading=\"lazy\" class=\"alignnone  wp-image-169\" src=\"https:\/\/www.dente.fi\/wp-content\/uploads\/2014\/05\/hampaille_fi_verkkokauppa_logo-300x99.png\" alt=\"hampaille_fi_verkkokauppa_logo\" width=\"160\" height=\"53\" srcset=\"https:\/\/www.dente.fi\/wp-content\/uploads\/2014\/05\/hampaille_fi_verkkokauppa_logo-300x99.png 300w, https:\/\/www.dente.fi\/wp-content\/uploads\/2014\/05\/hampaille_fi_verkkokauppa_logo.png 318w\" sizes=\"(max-width: 160px) 100vw, 160px\" \/><\/a><\/p>\n<p><strong>Seuraa Dente\u00e4 <a href=\"http:\/\/www.facebook.com\/dentekokkola\" target=\"_blank\" rel=\"noopener\">Facebookissa<\/a> ja Instagramissa <a href=\"http:\/\/www.instagram.com\/dentekokkola\" target=\"_blank\" rel=\"noopener\">@dentekokkola<\/a><\/strong><\/p>\n<p><strong><a title=\"Ajanvaraus\" href=\"http:\/\/www.vello.fi\/dente-suuhygienistipalvelut\" target=\"_blank\" rel=\"noopener\">Siirry nettiajanvaraukseen!<\/a><\/strong><\/p>\n","protected":false},"excerpt":{"rendered":"<p>Suuhygienisti on Valviran laillistama terveydenhuollon ammattihenkil\u00f6. Suuhygienisti on suorittanut 3,5v kest\u00e4v\u00e4n Ammattikorkeakoulutuksen. Suuhygienistin ty\u00f6 on monipuolista suun terveytt\u00e4 edist\u00e4v\u00e4\u00e4 ja yll\u00e4pit\u00e4v\u00e4\u00e4, suusairauksia ennalta ehk\u00e4isev\u00e4\u00e4, hoitavaa tai kuntouttavaa ty\u00f6t\u00e4. Denten yritt\u00e4j\u00e4n\u00e4 ja suuhygienistina toimii Mari Airaksinen. Dente kuuluu kansalliseen terveysarkistoon eli Kanta-palveluihin ja k\u00e4yntisi kirjataan Omakanta-palveluun (lukuunottamatta esteettinen hoito). Maksutavat\u00a0vastaanotolla: korttimaksut ja epassi. Yhteisty\u00f6ss\u00e4: \u00a0 \u00a0 [&hellip;]<\/p>\n","protected":false},"author":1,"featured_media":0,"parent":0,"menu_order":0,"comment_status":"open","ping_status":"open","template":"template-cases.php","meta":[],"_links":{"self":[{"href":"https:\/\/www.dente.fi\/index.php?rest_route=\/wp\/v2\/pages\/36"}],"collection":[{"href":"https:\/\/www.dente.fi\/index.php?rest_route=\/wp\/v2\/pages"}],"about":[{"href":"https:\/\/www.dente.fi\/index.php?rest_route=\/wp\/v2\/types\/page"}],"author":[{"embeddable":true,"href":"https:\/\/www.dente.fi\/index.php?rest_route=\/wp\/v2\/users\/1"}],"replies":[{"embeddable":true,"href":"https:\/\/www.dente.fi\/index.php?rest_route=%2Fwp%2Fv2%2Fcomments&post=36"}],"version-history":[{"count":40,"href":"https:\/\/www.dente.fi\/index.php?rest_route=\/wp\/v2\/pages\/36\/revisions"}],"predecessor-version":[{"id":212,"href":"https:\/\/www.dente.fi\/index.php?rest_route=\/wp\/v2\/pages\/36\/revisions\/212"}],"wp:attachment":[{"href":"https:\/\/www.dente.fi\/index.php?rest_route=%2Fwp%2Fv2%2Fmedia&parent=36"}],"curies":[{"name":"wp","href":"https:\/\/api.w.org\/{rel}","templated":true}]}}